{"id":8978,"date":"2026-02-11T12:14:42","date_gmt":"2026-02-11T12:14:42","guid":{"rendered":"https:\/\/teoria2stresow.pl\/?page_id=8978"},"modified":"2026-03-25T08:15:28","modified_gmt":"2026-03-25T08:15:28","slug":"podrozdzial-179","status":"publish","type":"page","link":"https:\/\/teoria2stresow.pl\/?page_id=8978","title":{"rendered":"Podrozdzial 179"},"content":{"rendered":"\t\t<div data-elementor-type=\"wp-page\" data-elementor-id=\"8978\" class=\"elementor elementor-8978\">\n\t\t\t\t<div class=\"elementor-element elementor-element-3c9fa65 e-con-full e-flex e-con e-parent\" data-id=\"3c9fa65\" data-element_type=\"container\">\n\t\t\t\t<div class=\"elementor-element elementor-element-1c7c8d0 elementor-widget__width-initial elementor-widget elementor-widget-text-editor\" data-id=\"1c7c8d0\" data-element_type=\"widget\" data-widget_type=\"text-editor.default\">\n\t\t\t\t\t\t\t\t\t<h2><strong>Dowody,<\/strong>\u00a0<strong>kt\u00f3re potwierdzaj\u0105 hipotez\u0119, dotycz\u0105c\u0105 segregacji bod\u017ac\u00f3w w uk\u0142adzie zegara.<\/strong><\/h2><p><strong>\u00a0 \u00a0 \u00a0 <\/strong><strong>\u00a0 \u00a0 \u017baden z przytoczonych dowod\u00f3w nie udowadnia wprost istnienie segregacji bod\u017ac\u00f3w wedle zaproponowanego zegara. Mo\u017cna to jedynie wywnioskowa\u0107, na podstawie przytoczonych licznych artyku\u0142\u00f3w, kt\u00f3re ten schemat wsp\u00f3lnie potwierdzaj\u0105.<\/strong><\/p><p><strong>\u00a0 \u00a0 \u00a0 \u00a0 \u00a0 Nr 1. Uszkodzenie kory<\/strong> przedczo\u0142owej powa\u017cnie uszkodzi\u0142o percepcje spo\u0142eczn\u0105<strong> <a id=\"d440\" style=\"color: #000000;\" href=\"#p440\"><strong>[440]<\/strong><\/a> \t\t<a\t\t\t\thref=\"javascript:void(0)\"\r\n\t\t\t\tclass=\"sgpb-show-popup sgpb-popup-id-9584\"\r\n\t\tdata-sgpbpopupid=\"9584\"\r\n\t\tdata-popup-event=\"click\"\r\n\t\t>\r\n\t\t[440A]\t\t<\/a>\r\n\t\t<\/strong>Badanie wykaza\u0142o, \u017ce <strong data-start=\"358\" data-end=\"392\">uszkodzenia kory przedczo\u0142owej<\/strong>, zar\u00f3wno oczodo\u0142owo-czo\u0142owej (OFC), jak i grzbietowej (DLPFC), prowadz\u0105 do istotnych deficyt\u00f3w w <strong data-start=\"490\" data-end=\"557\">percepcji spo\u0142ecznej i interpretacji sygna\u0142\u00f3w interpersonalnych<\/strong>. Pacjenci mieli trudno\u015bci z odczytywaniem intencji i emocji innych os\u00f3b oraz z prawid\u0142owym wydawaniem ocen spo\u0142ecznych. Szczeg\u00f3lnie nasilone zaburzenia dotyczy\u0142y os\u00f3b z uszkodzeniem obszar\u00f3w przy\u015brodkowych i oczodo\u0142owych. \t\t<a\t\t\t\thref=\"javascript:void(0)\"\r\n\t\t\t\tclass=\"sgpb-show-popup sgpb-popup-id-9468\"\r\n\t\tdata-sgpbpopupid=\"9468\"\r\n\t\tdata-popup-event=\"click\"\r\n\t\t>\r\n\t\t<strong>Rysunek A<\/strong>\t\t<\/a>\r\n\t\t<\/p><p><strong>\u00a0 \u00a0Nr 2. Badania neuropsychologiczne<\/strong> wykaza\u0142y, \u017ce prawa kora brzuszno-przy\u015brodkowa przedczo\u0142owa odgrywa istotn\u0105 rol\u0119 w integracji proces\u00f3w poznawczych i emocjonalnych niezb\u0119dnych do reakcji empatycznej (PMID: 12729486). <strong><a id=\"d441\" style=\"color: #000000;\" href=\"#p441\"><strong>[441]<\/strong><\/a><\/strong>\t\t<a\t\t\t\thref=\"javascript:void(0)\"\r\n\t\t\t\tclass=\"sgpb-show-popup sgpb-popup-id-9564\"\r\n\t\tdata-sgpbpopupid=\"9564\"\r\n\t\tdata-popup-event=\"click\"\r\n\t\t>\r\n\t\t<strong>[441A]<\/strong>\t\t<\/a>\r\n\t\t<\/p><p data-start=\"182\" data-end=\"491\"><strong data-start=\"182\" data-end=\"325\">\u00a0 \u00a0 \u00a0 \u00a0 \u00a0 Nr 3. Jednym z najbardziej <\/strong>znanych dowod\u00f3w na rol\u0119 przedniej cz\u0119\u015bci m\u00f3zgu w regulacji zachowa\u0144 spo\u0142ecznych jest przypadek Phineasa Gage\u2019a (1848). Metalowy pr\u0119t przebi\u0142 jego <strong data-start=\"355\" data-end=\"376\">lewy p\u0142at czo\u0142owy<\/strong>, uszkadzaj\u0105c g\u0142\u00f3wnie kor\u0119 oczodo\u0142owo-przedczo\u0142ow\u0105 i przy\u015brodkow\u0105 cz\u0119\u015b\u0107 kory przedczo\u0142owej wraz z ich po\u0142\u0105czeniami.<\/p><p data-start=\"493\" data-end=\"669\">\u00a0 \u00a0 \u00a0 \u00a0 \u00a0<strong> Po urazie Gage sta\u0142<\/strong> si\u0119 impulsywny, niecierpliwy, wulgarny, mia\u0142 trudno\u015bci z planowaniem i utrzymaniem pracy. Wsp\u00f3\u0142cze\u015bni relacjonowali, \u017ce \u201enie by\u0142 ju\u017c tym samym cz\u0142owiekiem\u201d. Przypadek ten uznaje si\u0119 za jeden z pierwszych historycznych dowod\u00f3w, \u017ce przednia cz\u0119\u015b\u0107 m\u00f3zgu odpowiada za kontrol\u0119 zachowa\u0144 spo\u0142ecznych. <strong><a id=\"d442\" style=\"color: #000000;\" href=\"#p442\"><strong>[442]<\/strong><\/a>\t\t<a\t\t\t\thref=\"javascript:void(0)\"\r\n\t\t\t\tclass=\"sgpb-show-popup sgpb-popup-id-9603\"\r\n\t\tdata-sgpbpopupid=\"9603\"\r\n\t\tdata-popup-event=\"click\"\r\n\t\t>\r\n\t\t[442A] \t\t<\/a>\r\n\t\t<a id=\"d443\" style=\"color: #000000;\" href=\"#p443\"><strong>[443]<\/strong><\/a> \t\t<a\t\t\t\thref=\"javascript:void(0)\"\r\n\t\t\t\tclass=\"sgpb-show-popup sgpb-popup-id-9643\"\r\n\t\tdata-sgpbpopupid=\"9643\"\r\n\t\tdata-popup-event=\"click\"\r\n\t\t>\r\n\t\t[443]\t\t<\/a>\r\n\t\t<\/strong><\/p><p data-start=\"493\" data-end=\"669\">\u00a0 \u00a0 \u00a0 \u00a0 \u00a0<strong>Nr 4. Wzrost przep\u0142ywu krwi <\/strong>w prawej korze przedczo\u0142owej podczas orgazmu u m\u0119\u017cczyzny potwierdzi\u0142o badanie Tiihonena i wsp.<strong>\u00a0<a id=\"d445\" style=\"color: #000000;\" href=\"#p445\"><strong>[445]<\/strong><\/a><\/strong>\t\t<a\t\t\t\thref=\"javascript:void(0)\"\r\n\t\t\t\tclass=\"sgpb-show-popup sgpb-popup-id-9751\"\r\n\t\tdata-sgpbpopupid=\"9751\"\r\n\t\tdata-popup-event=\"click\"\r\n\t\t>\r\n\t\t<strong>[445A]<\/strong>\t\t<\/a>\r\n\t\t <a href=\"https:\/\/teoria2stresow.pl\/?page_id=10229\" target=\"_blank\" rel=\"noopener\"><strong>Wi\u0119cej<\/strong><\/a><\/p><p data-start=\"493\" data-end=\"669\">\u00a0 \u00a0 \u00a0 \u00a0 <strong>\u00a0 Nr 5.\u00a0 Kolejny ciekawy dow\u00f3d <\/strong>potwierdzaj\u0105cy, \u017ce aktywacja prawego p\u0142ata czo\u0142owego m\u00f3zgu, jest zwi\u0105zana z odczuwaniem orgazmu i wyrzutem w dalszej cz\u0119\u015bci m\u00f3zgu dopaminy. Holstege i in. (2003) w badaniu PET stwierdzili, \u017ce aktywacja kory neokortykalnej w trakcie ejakulacji i orgazmu u m\u0119\u017cczyzn wyst\u0119powa\u0142a g\u0142\u00f3wnie po prawej stronie, w tym w dolnym zakr\u0119cie czo\u0142owym (BA47), co wskazuje na udzia\u0142 prawej kory czo\u0142owej w do\u015bwiadczeniu kulminacyjnym procesu seksualnego.<strong><a id=\"d446\" style=\"color: #000000;\" href=\"#p446\"><strong>[446]<\/strong><\/a><\/strong>\t\t<a\t\t\t\thref=\"javascript:void(0)\"\r\n\t\t\t\tclass=\"sgpb-show-popup sgpb-popup-id-9885\"\r\n\t\tdata-sgpbpopupid=\"9885\"\r\n\t\tdata-popup-event=\"click\"\r\n\t\t>\r\n\t\t<strong>[446A]<\/strong>\t\t<\/a>\r\n\t\t<\/p><p><strong>PRZYPISY<\/strong><\/p><p><strong>[440<\/strong>] <a id=\"p440\" style=\"font-size: 12px;\" href=\"#d440\">POWR\u00d3T<\/a>. Mah L, Arnold MC, Grafman J. <em>Impairment of social perception associated with lesions of the prefrontal cortex.<\/em> <strong>Am J Psychiatry.<\/strong> 2004 Jul;161(7):1247-1255. doi:10.1176\/appi.ajp.161.7.1247. PMID:15229058.<\/p><p><strong>[441<\/strong>] <a id=\"p441\" style=\"font-size: 12px;\" href=\"#d441\">POWR\u00d3T<\/a>. SG, Tomer R, Berger BD, Aharon-Peretz J. <em>Characterization of empathy deficits following prefrontal brain damage: the role of the right ventromedial prefrontal cortex.<\/em> J Cogn Neurosci. 2003 Apr 1;15(3):324\u2013337. doi:10.1162\/089892903321593063. PMID: 12729486.<\/p><p><strong data-start=\"391\" data-end=\"400\">[442]<\/strong> <a id=\"p442\" style=\"font-size: 12px;\" href=\"#d442\">POWR\u00d3T<\/a>. Van Horn JD, Irimia A, Torgerson CM, Chambers MC, Kikinis R, Toga AW. <em data-start=\"471\" data-end=\"529\">Mapping connectivity damage in the case of Phineas Gage.<\/em> PLoS One. 2012 May 16;7(5):e37454. doi:10.1371\/journal.pone.0037454. PMID: 22615898. PMCID: PMC3353935.\u00a0 <a href=\"https:\/\/pmc.ncbi.nlm.nih.gov\/articles\/PMC3353935\/\" target=\"_blank\" rel=\"noopener\">https:\/\/pmc.ncbi.nlm.nih.gov\/articles\/PMC3353935\/<\/a><\/p><p><strong data-start=\"189\" data-end=\"198\">[443]<\/strong> <a id=\"p443\" style=\"font-size: 12px;\" href=\"#d443\">POWR\u00d3T<\/a>. Teles Filho RV. <em data-start=\"215\" data-end=\"250\">The great legacy of Phineas Gage.<\/em> Dement Neuropsychol. 2020 Dec;14(4):419\u2013421. doi:10.1590\/1980-57642020dn14-040013. PMID:33354296.\u00a0 \u00a0 https:\/\/pmc.ncbi.nlm.nih.gov\/articles\/PMC7735047\/?utm_source=chatgpt.com<\/p><p><strong>[444] <a id=\"p445\" style=\"font-size: 12px;\" href=\"#d445\">POWR\u00d3T<\/a>. <\/strong>Tiihonen J, Kuikka J, Kupila J, Partanen K, Vainio P, Airaksinen J, Eronen M, Hallikainen T, Paanila J, Kinnunen I et al. <strong>Increase in cerebral blood flow of right prefrontal cortex in man during orgasm.<\/strong> <em>Neurosci Lett.<\/em> 1994 Apr 11;170(2):241\u2013243. doi: 10.1016\/0304-3940(94)90328-x. PMID: 8058196. <a href=\"https:\/\/pubmed.ncbi.nlm.nih.gov\/8058196\/\" target=\"_blank\" rel=\"noopener\">https:\/\/pubmed.ncbi.nlm.nih.gov\/8058196\/<\/a><\/p><p><strong>[446]<\/strong> <a id=\"p446\" style=\"font-size: 12px;\" href=\"#d446\">POWR\u00d3T<\/a>. Holstege, G., Georgiadis, J. R., Paans, A. M. J., Meiners, L. C., van der Graaf, F. H. C. E., &amp; Reinders, A. A. T. S. (2003). <em data-start=\"2181\" data-end=\"2229\">Brain activation during human male ejaculation<\/em>. <em data-start=\"2231\" data-end=\"2260\">The Journal of Neuroscience<\/em>, 23(27), 9185\u20139193. <a class=\"decorated-link\" href=\"https:\/\/pmc.ncbi.nlm.nih.gov\/articles\/PMC6740826\/?utm_source=chatgpt.com\" target=\"_new\" rel=\"noopener\" data-start=\"2281\" data-end=\"2330\">https:\/\/pmc.ncbi.nlm.nih.gov\/articles\/PMC6740826\/<\/a><\/p><p><strong>[447] <a id=\"p447\" style=\"font-size: 12px;\" href=\"#d447\">POWR\u00d3T<\/a>. <\/strong>https:\/\/pmc.ncbi.nlm.nih.gov\/articles\/PMC3103977\/?utm_source=chatgpt.com<\/p>\t\t\t\t\t\t\t\t<\/div>\n\t\t\t\t<\/div>\n\t\t\t\t<\/div>\n\t\t","protected":false},"excerpt":{"rendered":"<p>Dowody,\u00a0kt\u00f3re potwierdzaj\u0105 hipotez\u0119, dotycz\u0105c\u0105 segregacji bod\u017ac\u00f3w w uk\u0142adzie zegara. \u00a0 \u00a0 \u00a0 \u00a0 \u00a0 \u017baden z przytoczonych dowod\u00f3w nie udowadnia wprost istnienie segregacji bod\u017ac\u00f3w wedle zaproponowanego zegara. Mo\u017cna to jedynie wywnioskowa\u0107, na podstawie przytoczonych licznych artyku\u0142\u00f3w, kt\u00f3re ten schemat wsp\u00f3lnie potwierdzaj\u0105. \u00a0 \u00a0 \u00a0 \u00a0 \u00a0 Nr 1. Uszkodzenie kory przedczo\u0142owej powa\u017cnie uszkodzi\u0142o percepcje spo\u0142eczn\u0105 [&hellip;]<\/p>\n","protected":false},"author":1,"featured_media":0,"parent":0,"menu_order":0,"comment_status":"closed","ping_status":"closed","template":"","meta":{"footnotes":""},"class_list":["post-8978","page","type-page","status-publish","hentry"],"blocksy_meta":[],"_links":{"self":[{"href":"https:\/\/teoria2stresow.pl\/index.php?rest_route=\/wp\/v2\/pages\/8978","targetHints":{"allow":["GET"]}}],"collection":[{"href":"https:\/\/teoria2stresow.pl\/index.php?rest_route=\/wp\/v2\/pages"}],"about":[{"href":"https:\/\/teoria2stresow.pl\/index.php?rest_route=\/wp\/v2\/types\/page"}],"author":[{"embeddable":true,"href":"https:\/\/teoria2stresow.pl\/index.php?rest_route=\/wp\/v2\/users\/1"}],"replies":[{"embeddable":true,"href":"https:\/\/teoria2stresow.pl\/index.php?rest_route=%2Fwp%2Fv2%2Fcomments&post=8978"}],"version-history":[{"count":3,"href":"https:\/\/teoria2stresow.pl\/index.php?rest_route=\/wp\/v2\/pages\/8978\/revisions"}],"predecessor-version":[{"id":10758,"href":"https:\/\/teoria2stresow.pl\/index.php?rest_route=\/wp\/v2\/pages\/8978\/revisions\/10758"}],"wp:attachment":[{"href":"https:\/\/teoria2stresow.pl\/index.php?rest_route=%2Fwp%2Fv2%2Fmedia&parent=8978"}],"curies":[{"name":"wp","href":"https:\/\/api.w.org\/{rel}","templated":true}]}}