{"id":8970,"date":"2026-02-11T12:12:07","date_gmt":"2026-02-11T12:12:07","guid":{"rendered":"https:\/\/teoria2stresow.pl\/?page_id=8970"},"modified":"2026-02-13T11:31:41","modified_gmt":"2026-02-13T11:31:41","slug":"podrozdzial-35","status":"publish","type":"page","link":"https:\/\/teoria2stresow.pl\/?page_id=8970","title":{"rendered":"Podrozdzial 35"},"content":{"rendered":"\t\t<div data-elementor-type=\"wp-page\" data-elementor-id=\"8970\" class=\"elementor elementor-8970\">\n\t\t\t\t<div class=\"elementor-element elementor-element-6e6aabd e-flex e-con-boxed e-con e-parent\" data-id=\"6e6aabd\" data-element_type=\"container\">\n\t\t\t\t\t<div class=\"e-con-inner\">\n\t\t\t\t<div class=\"elementor-element elementor-element-42ccdb6 elementor-widget elementor-widget-text-editor\" data-id=\"42ccdb6\" data-element_type=\"widget\" data-widget_type=\"text-editor.default\">\n\t\t\t\t\t\t\t\t\t<h3 style=\"text-align: center;\"><span style=\"color: #333399;\"><strong>\u00a0PRZYCZYNY STRESU NORADRENALINOWGO\u00a0<\/strong><\/span><\/h3><h3 style=\"text-align: center;\" data-pm-slice=\"1 1 []\"><strong>brak ruchu, <\/strong><\/h3><h3 style=\"text-align: center;\" data-pm-slice=\"1 1 []\"><strong>brak znajomych, <\/strong><\/h3><h3 style=\"text-align: center;\" data-pm-slice=\"1 1 []\"><strong>brak przyjaciela, <\/strong><\/h3><h3 style=\"text-align: center;\" data-pm-slice=\"1 1 []\"><strong>brak partnera, <\/strong><\/h3><h3 style=\"text-align: center;\" data-pm-slice=\"1 1 []\"><strong>brak rodziny, <\/strong><\/h3><h3 style=\"text-align: center;\" data-pm-slice=\"1 1 []\"><strong>brak pracy, <\/strong><\/h3><h3 style=\"text-align: center;\" data-pm-slice=\"1 1 []\"><strong>siedzenie w domu,<\/strong><\/h3><h3 style=\"text-align: center;\" data-pm-slice=\"1 1 []\"><strong>ma\u0142e mieszkanie.<\/strong><\/h3><h3 style=\"text-align: center;\" data-pm-slice=\"1 1 []\"><strong>brak ruchu,<\/strong><\/h3><h3 style=\"text-align: center;\" data-pm-slice=\"1 1 []\">s\u0142uchanie smutnych nagra\u0144,<\/h3><h3 style=\"text-align: center;\" data-pm-slice=\"1 1 []\">utrata przyjaciela,<\/h3><h3 style=\"text-align: center;\" data-pm-slice=\"1 1 []\">utrata cz\u0142onka rodziny,<\/h3><h3 style=\"text-align: center;\" data-pm-slice=\"1 1 []\">utrata dziecka<\/h3><h3 style=\"text-align: center;\" data-pm-slice=\"1 1 []\"><strong>u\u017cywanie wibratora<\/strong><\/h3><h3 style=\"text-align: center;\"><strong>brak zainteresowa\u0144<\/strong><\/h3><h3 style=\"text-align: center;\"><strong>brak rozrywek<\/strong><\/h3><h3 style=\"text-align: center;\"><strong>wiara w Boga &#8211; B\u00f3g jako istota niedost\u0119pna<\/strong><\/h3><p>\u00a0<\/p><p>\u00a0<\/p><p data-pm-slice=\"1 1 []\">\u00a0<\/p><p data-pm-slice=\"1 1 []\">\u00a0<\/p>\t\t\t\t\t\t\t\t<\/div>\n\t\t\t\t\t<\/div>\n\t\t\t\t<\/div>\n\t\t\t\t<\/div>\n\t\t","protected":false},"excerpt":{"rendered":"<p>\u00a0PRZYCZYNY STRESU NORADRENALINOWGO\u00a0 brak ruchu, brak znajomych, brak przyjaciela, brak partnera, brak rodziny, brak pracy, siedzenie w domu, ma\u0142e mieszkanie. brak ruchu, s\u0142uchanie smutnych nagra\u0144, utrata przyjaciela, utrata cz\u0142onka rodziny, utrata dziecka u\u017cywanie wibratora brak zainteresowa\u0144 brak rozrywek wiara w Boga &#8211; B\u00f3g jako istota niedost\u0119pna \u00a0 \u00a0 \u00a0 \u00a0<\/p>\n","protected":false},"author":1,"featured_media":0,"parent":0,"menu_order":0,"comment_status":"closed","ping_status":"closed","template":"","meta":{"footnotes":""},"class_list":["post-8970","page","type-page","status-publish","hentry"],"blocksy_meta":[],"_links":{"self":[{"href":"https:\/\/teoria2stresow.pl\/index.php?rest_route=\/wp\/v2\/pages\/8970","targetHints":{"allow":["GET"]}}],"collection":[{"href":"https:\/\/teoria2stresow.pl\/index.php?rest_route=\/wp\/v2\/pages"}],"about":[{"href":"https:\/\/teoria2stresow.pl\/index.php?rest_route=\/wp\/v2\/types\/page"}],"author":[{"embeddable":true,"href":"https:\/\/teoria2stresow.pl\/index.php?rest_route=\/wp\/v2\/users\/1"}],"replies":[{"embeddable":true,"href":"https:\/\/teoria2stresow.pl\/index.php?rest_route=%2Fwp%2Fv2%2Fcomments&post=8970"}],"version-history":[{"count":3,"href":"https:\/\/teoria2stresow.pl\/index.php?rest_route=\/wp\/v2\/pages\/8970\/revisions"}],"predecessor-version":[{"id":9127,"href":"https:\/\/teoria2stresow.pl\/index.php?rest_route=\/wp\/v2\/pages\/8970\/revisions\/9127"}],"wp:attachment":[{"href":"https:\/\/teoria2stresow.pl\/index.php?rest_route=%2Fwp%2Fv2%2Fmedia&parent=8970"}],"curies":[{"name":"wp","href":"https:\/\/api.w.org\/{rel}","templated":true}]}}