{"id":10953,"date":"2026-03-25T14:22:34","date_gmt":"2026-03-25T14:22:34","guid":{"rendered":"https:\/\/teoria2stresow.pl\/?page_id=10953"},"modified":"2026-03-25T14:27:29","modified_gmt":"2026-03-25T14:27:29","slug":"noradrenalina-a-insulina","status":"publish","type":"page","link":"https:\/\/teoria2stresow.pl\/?page_id=10953","title":{"rendered":"NORADRENALINA A INSULINA"},"content":{"rendered":"\t\t<div data-elementor-type=\"wp-page\" data-elementor-id=\"10953\" class=\"elementor elementor-10953\">\n\t\t\t\t<div class=\"elementor-element elementor-element-d58c9dd e-flex e-con-boxed e-con e-parent\" data-id=\"d58c9dd\" data-element_type=\"container\">\n\t\t\t\t\t<div class=\"e-con-inner\">\n\t\t\t\t<div class=\"elementor-element elementor-element-e81e413 elementor-widget elementor-widget-text-editor\" data-id=\"e81e413\" data-element_type=\"widget\" data-widget_type=\"text-editor.default\">\n\t\t\t\t\t\t\t\t\t<h2 style=\"text-align: center;\"><span style=\"color: #333399;\"><strong>NORADRENALINA A INSULINA<\/strong><\/span><\/h2><p style=\"text-align: left;\">\u00a0 \u00a0 \u00a0 \u00a0 \u00a0<strong> 259. W prawid\u0142owych warunkach<\/strong> glukoza jest zu\u017cywana i spalana w kom\u00f3rkach w procesie glikolizy. Gdy w kom\u00f3rce znajduje si\u0119 wystarczaj\u0105ca ilo\u015b\u0107 energii, kom\u00f3rka ogranicza przyjmowanie kolejnych porcji glukozy.<\/p><p style=\"text-align: left;\">\u00a0 \u00a0 \u00a0 \u00a0 \u00a0<strong> 260. W takiej sytuacji, mimo<\/strong> obecno\u015bci insuliny, glukoza nie wnika do kom\u00f3rki \u2013 rozwija si\u0119 insulinooporno\u015b\u0107.\u00a0 Nadmiar nieaktywnej insuliny jest w tym przypadku skutkiem ko\u0144cowym, a nie jego pierwotn\u0105 przyczyn\u0105. \t\t<a\t\t\t\thref=\"javascript:void(0)\"\r\n\t\t\t\tclass=\"sgpb-show-popup sgpb-popup-id-6101\"\r\n\t\tdata-sgpbpopupid=\"6101\"\r\n\t\tdata-popup-event=\"click\"\r\n\t\t>\r\n\t\t<strong> info<\/strong><b>. <\/b>\t\t<\/a>\r\n\t\t261.<\/p><p style=\"text-align: left;\">\u00a0 \u00a0 \u00a0 <strong>\u00a0 \u00a0 261. G\u0142\u00f3wnym czynnikiem<\/strong> blokuj\u0105cym wnikanie glukozy do kom\u00f3rek jest silny, przewlek\u0142y stres noradrenalinowy. Wed\u0142ug Teorii Dw\u00f3ch Stres\u00f3w osoby \u017cyj\u0105ce w d\u0142ugotrwa\u0142ym stresie zwi\u0105zanym z samotno\u015bci\u0105 i brakiem bod\u017ac\u00f3w nadmiernie aktywuj\u0105 uk\u0142ad noradrenergiczny. Stres ten hamuje w kom\u00f3rkach zu\u017cycie energii. Dotyczy to braku spalania glukozy oraz braku spalania t\u0142uszczu, co sprzyja rozwojowi oty\u0142o\u015bci.<strong>\u00a0 \t\t<a\t\t\t\thref=\"javascript:void(0)\"\r\n\t\t\t\tclass=\"sgpb-show-popup sgpb-popup-id-6093\"\r\n\t\tdata-sgpbpopupid=\"6093\"\r\n\t\tdata-popup-event=\"click\"\r\n\t\t>\r\n\t\tRys. 3A\t\t<\/a>\r\n\t\t\u00a0 <\/strong><strong>\u00a0\u00a0<\/strong><\/p><p data-start=\"787\" data-end=\"1194\">\u00a0 \u00a0 \u00a0 \u00a0 \u00a0 <strong>262. Blokowanie glukozy <\/strong>przez przewlek\u0142y stres noradrenalinowy potwierdzaj\u0105 \u017ar\u00f3d\u0142a naukowe<br \/><strong><a id=\"d360\" href=\"#p360\">[360]<\/a>\t\t<a\t\t\t\thref=\"javascript:void(0)\"\r\n\t\t\t\tclass=\"sgpb-show-popup sgpb-popup-id-6110\"\r\n\t\tdata-sgpbpopupid=\"6110\"\r\n\t\tdata-popup-event=\"click\"\r\n\t\t>\r\n\t\t[360A]\t\t<\/a>\r\n\t\t\t\t<a\t\t\t\thref=\"javascript:void(0)\"\r\n\t\t\t\tclass=\"sgpb-show-popup sgpb-popup-id-6244\"\r\n\t\tdata-sgpbpopupid=\"6244\"\r\n\t\tdata-popup-event=\"click\"\r\n\t\t>\r\n\t\tinfo\t\t<\/a>\r\n\t\t<\/strong><strong><a class=\"sgpb-show-popup sgpb-popup-id-3311\" data-sgpbpopupid=\"3311\" data-popup-event=\"click\" data-popup-id=\"3311\">\u00a0<\/a>\u00a0 \u00a0<\/strong><strong><a id=\"d361\" href=\"#p361\">[361]<\/a>\t\t<a\t\t\t\thref=\"javascript:void(0)\"\r\n\t\t\t\tclass=\"sgpb-show-popup sgpb-popup-id-6130\"\r\n\t\tdata-sgpbpopupid=\"6130\"\r\n\t\tdata-popup-event=\"click\"\r\n\t\t>\r\n\t\t[361A] \t\t<\/a>\r\n\t\t\t\t<a\t\t\t\thref=\"javascript:void(0)\"\r\n\t\t\t\tclass=\"sgpb-show-popup sgpb-popup-id-6242\"\r\n\t\tdata-sgpbpopupid=\"6242\"\r\n\t\tdata-popup-event=\"click\"\r\n\t\t>\r\n\t\tinfo\t\t<\/a>\r\n\t\t<a class=\"sgpb-show-popup sgpb-popup-id-3311\" data-sgpbpopupid=\"3311\" data-popup-event=\"click\" data-popup-id=\"3311\">\u00a0<\/a>\u00a0 \u00a0<\/strong> <strong><a id=\"d361\" href=\"#p362\">[362]<\/a>\t\t<a\t\t\t\thref=\"javascript:void(0)\"\r\n\t\t\t\tclass=\"sgpb-show-popup sgpb-popup-id-6211\"\r\n\t\tdata-sgpbpopupid=\"6211\"\r\n\t\tdata-popup-event=\"click\"\r\n\t\t>\r\n\t\t[362A] \t\t<\/a>\r\n\t\t\t\t<a\t\t\t\thref=\"javascript:void(0)\"\r\n\t\t\t\tclass=\"sgpb-show-popup sgpb-popup-id-6217\"\r\n\t\tdata-sgpbpopupid=\"6217\"\r\n\t\tdata-popup-event=\"click\"\r\n\t\t>\r\n\t\tinfo\t\t<\/a>\r\n\t\t<\/strong><\/p>\t\t\t\t\t\t\t\t<\/div>\n\t\t\t\t\t<\/div>\n\t\t\t\t<\/div>\n\t\t\t\t<\/div>\n\t\t","protected":false},"excerpt":{"rendered":"<p>NORADRENALINA A INSULINA \u00a0 \u00a0 \u00a0 \u00a0 \u00a0 259. W prawid\u0142owych warunkach glukoza jest zu\u017cywana i spalana w kom\u00f3rkach w procesie glikolizy. Gdy w kom\u00f3rce znajduje si\u0119 wystarczaj\u0105ca ilo\u015b\u0107 energii, kom\u00f3rka ogranicza przyjmowanie kolejnych porcji glukozy. \u00a0 \u00a0 \u00a0 \u00a0 \u00a0 260. W takiej sytuacji, mimo obecno\u015bci insuliny, glukoza nie wnika do kom\u00f3rki \u2013 rozwija [&hellip;]<\/p>\n","protected":false},"author":1,"featured_media":0,"parent":0,"menu_order":0,"comment_status":"closed","ping_status":"closed","template":"","meta":{"footnotes":""},"class_list":["post-10953","page","type-page","status-publish","hentry"],"blocksy_meta":[],"_links":{"self":[{"href":"https:\/\/teoria2stresow.pl\/index.php?rest_route=\/wp\/v2\/pages\/10953","targetHints":{"allow":["GET"]}}],"collection":[{"href":"https:\/\/teoria2stresow.pl\/index.php?rest_route=\/wp\/v2\/pages"}],"about":[{"href":"https:\/\/teoria2stresow.pl\/index.php?rest_route=\/wp\/v2\/types\/page"}],"author":[{"embeddable":true,"href":"https:\/\/teoria2stresow.pl\/index.php?rest_route=\/wp\/v2\/users\/1"}],"replies":[{"embeddable":true,"href":"https:\/\/teoria2stresow.pl\/index.php?rest_route=%2Fwp%2Fv2%2Fcomments&post=10953"}],"version-history":[{"count":4,"href":"https:\/\/teoria2stresow.pl\/index.php?rest_route=\/wp\/v2\/pages\/10953\/revisions"}],"predecessor-version":[{"id":10959,"href":"https:\/\/teoria2stresow.pl\/index.php?rest_route=\/wp\/v2\/pages\/10953\/revisions\/10959"}],"wp:attachment":[{"href":"https:\/\/teoria2stresow.pl\/index.php?rest_route=%2Fwp%2Fv2%2Fmedia&parent=10953"}],"curies":[{"name":"wp","href":"https:\/\/api.w.org\/{rel}","templated":true}]}}